{"id":5371,"date":"2023-11-24T11:18:12","date_gmt":"2023-11-24T11:18:12","guid":{"rendered":"https:\/\/isidrofrebelo.com\/avisos-legais\/"},"modified":"2024-05-28T07:48:23","modified_gmt":"2024-05-28T07:48:23","slug":"avisos-legais","status":"publish","type":"page","link":"https:\/\/isidrofrebelo.com\/pt-pt\/avisos-legais\/","title":{"rendered":"Avisos Legais"},"content":{"rendered":"\t\t<div data-elementor-type=\"wp-page\" data-elementor-id=\"5371\" class=\"elementor elementor-5371 elementor-2967\" data-elementor-post-type=\"page\">\n\t\t\t\t\t\t<section class=\"elementor-section elementor-top-section elementor-element elementor-element-325dc225 elementor-section-full_width elementor-section-height-min-height elementor-section-stretched elementor-section-height-default elementor-section-items-middle\" data-id=\"325dc225\" data-element_type=\"section\" data-settings=\"{&quot;stretch_section&quot;:&quot;section-stretched&quot;,&quot;background_background&quot;:&quot;classic&quot;}\">\n\t\t\t\t\t\t\t<div class=\"elementor-background-overlay\"><\/div>\n\t\t\t\t\t\t\t<div class=\"elementor-container elementor-column-gap-no\">\n\t\t\t\t\t<div class=\"elementor-column elementor-col-100 elementor-top-column elementor-element elementor-element-3f538a08\" data-id=\"3f538a08\" data-element_type=\"column\">\n\t\t\t<div class=\"elementor-widget-wrap elementor-element-populated\">\n\t\t\t\t\t\t<div class=\"elementor-element elementor-element-436482fa elementor-widget elementor-widget-heading\" data-id=\"436482fa\" data-element_type=\"widget\" data-widget_type=\"heading.default\">\n\t\t\t\t<div class=\"elementor-widget-container\">\n\t\t\t\t\t<h1 class=\"elementor-heading-title elementor-size-default\">Advert\u00eancia jur\u00eddica<\/h1>\t\t\t\t<\/div>\n\t\t\t\t<\/div>\n\t\t\t\t\t<\/div>\n\t\t<\/div>\n\t\t\t\t\t<\/div>\n\t\t<\/section>\n\t\t\t\t<section class=\"elementor-section elementor-top-section elementor-element elementor-element-12e21bb elementor-section-boxed elementor-section-height-default elementor-section-height-default\" data-id=\"12e21bb\" data-element_type=\"section\">\n\t\t\t\t\t\t<div class=\"elementor-container elementor-column-gap-default\">\n\t\t\t\t\t<div class=\"elementor-column elementor-col-100 elementor-top-column elementor-element elementor-element-45f7d84\" data-id=\"45f7d84\" data-element_type=\"column\">\n\t\t\t<div class=\"elementor-widget-wrap elementor-element-populated\">\n\t\t\t\t\t\t<div class=\"elementor-element elementor-element-924fd9f elementor-widget elementor-widget-heading\" data-id=\"924fd9f\" data-element_type=\"widget\" data-widget_type=\"heading.default\">\n\t\t\t\t<div class=\"elementor-widget-container\">\n\t\t\t\t\t<h2 class=\"elementor-heading-title elementor-size-default\">Identifica\u00e7\u00e3o e Propriedade<\/h2>\t\t\t\t<\/div>\n\t\t\t\t<\/div>\n\t\t\t\t<div class=\"elementor-element elementor-element-082d123 text-justify elementor-widget elementor-widget-text-editor\" data-id=\"082d123\" data-element_type=\"widget\" data-widget_type=\"text-editor.default\">\n\t\t\t\t<div class=\"elementor-widget-container\">\n\t\t\t\t\t\t\t\t\t<p>Em cumprimento do artigo 10.\u00ba da Lei n.\u00ba 34\/2002, de 11 de julho, relativa aos Servi\u00e7os da Sociedade da Informa\u00e7\u00e3o e ao Com\u00e9rcio Eletr\u00f3nico, o Titular divulga os seus dados de identifica\u00e7\u00e3o:<\/p><ul><li><b>Titular:<\/b> Isidro Ferreira Rebelo.<\/li><li><b>NIF:<\/b> Y4888708A<\/li><li><b>Domic\u00edlio:<\/b> Alicante &#8211; Espanha.<\/li><li><b>E-mail:<\/b><a href=\"mailto:ifr@isidrofrebelo.com\"> ifr@isidrofrebelo.com\u00a0<\/a><\/li><li><b>S\u00edtio Internet:<\/b> <a href=\"https:\/\/isidrofrebelo.com\/pt-pt\/\" data-wpel-link=\"internal\">https:\/\/isidrofrebelo.com<\/a><\/li><\/ul>\t\t\t\t\t\t\t\t<\/div>\n\t\t\t\t<\/div>\n\t\t\t\t<div class=\"elementor-element elementor-element-ae85df5 elementor-widget elementor-widget-heading\" data-id=\"ae85df5\" data-element_type=\"widget\" data-widget_type=\"heading.default\">\n\t\t\t\t<div class=\"elementor-widget-container\">\n\t\t\t\t\t<h2 class=\"elementor-heading-title elementor-size-default\">Termos de Utiliza\u00e7\u00e3o<\/h2>\t\t\t\t<\/div>\n\t\t\t\t<\/div>\n\t\t\t\t<div class=\"elementor-element elementor-element-086f8ca text-justify elementor-widget elementor-widget-text-editor\" data-id=\"086f8ca\" data-element_type=\"widget\" data-widget_type=\"text-editor.default\">\n\t\t\t\t<div class=\"elementor-widget-container\">\n\t\t\t\t\t\t\t\t\t<p>A utiliza\u00e7\u00e3o do Website confere-lhe o estatuto de Utilizador, e implica a total aceita\u00e7\u00e3o de todas as cl\u00e1usulas e condi\u00e7\u00f5es de utiliza\u00e7\u00e3o inclu\u00eddas nas p\u00e1ginas:<\/p><ul><li><a href=\"https:\/\/isidrofrebelo.com\/pt-pt\/avisos-legais\/\" data-wpel-link=\"internal\">Advert\u00eancia jur\u00eddica<\/a><\/li><li><a href=\"https:\/\/isidrofrebelo.com\/pt-pt\/politica-de-privacidade\/\" data-wpel-link=\"internal\">Pol\u00edtica de Privacidade<\/a><\/li><li><a href=\"https:\/\/isidrofrebelo.com\/pt-pt\/politica-de-cookies\/\" data-wpel-link=\"internal\">Pol\u00edtica de Cookies<\/a><\/li><\/ul><p>Se n\u00e3o concordar com todos e quaisquer destes termos e condi\u00e7\u00f5es, por favor abstenha-se de utilizar o Website.<\/p><p>O acesso ao Website n\u00e3o implica, de forma alguma, o in\u00edcio de uma rela\u00e7\u00e3o comercial com o Propriet\u00e1rio.<\/p><p>Atrav\u00e9s do Website, o Propriet\u00e1rio fornece acesso e uso de v\u00e1rios conte\u00fados que o Propriet\u00e1rio e\/ou seus colaboradores publicaram atrav\u00e9s da Internet.<\/p><p>Para o efeito, est\u00e1 obrigado e compromete-se a N\u00c3O utilizar qualquer conte\u00fado do Website para fins ou efeitos il\u00edcitos, proibidos neste Aviso Legal ou pela legisla\u00e7\u00e3o em vigor, lesivos dos direitos e interesses de terceiros, ou que de qualquer forma possam danificar, inutilizar, sobrecarregar, deteriorar ou impedir a normal utiliza\u00e7\u00e3o dos conte\u00fados. equipamentos inform\u00e1ticos ou documentos, ficheiros e todo o tipo de conte\u00fados armazenados em qualquer equipamento inform\u00e1tico propriedade ou contratado pelo Propriet\u00e1rio, outros utilizadores ou qualquer utilizador da Internet.<\/p>\t\t\t\t\t\t\t\t<\/div>\n\t\t\t\t<\/div>\n\t\t\t\t<div class=\"elementor-element elementor-element-152e62b elementor-widget elementor-widget-heading\" data-id=\"152e62b\" data-element_type=\"widget\" data-widget_type=\"heading.default\">\n\t\t\t\t<div class=\"elementor-widget-container\">\n\t\t\t\t\t<h2 class=\"elementor-heading-title elementor-size-default\">Medidas de Seguran\u00e7a<\/h2>\t\t\t\t<\/div>\n\t\t\t\t<\/div>\n\t\t\t\t<div class=\"elementor-element elementor-element-45d8612 text-justify elementor-widget elementor-widget-text-editor\" data-id=\"45d8612\" data-element_type=\"widget\" data-widget_type=\"text-editor.default\">\n\t\t\t\t<div class=\"elementor-widget-container\">\n\t\t\t\t\t\t\t\t\t<p>Os dados pessoais fornecidos ao Titular <\/p>\n<p>poder\u00e3o ser armazenados em bases de dados automatizadas ou n\u00e3o automatizadas, cuja titularidade exclusiva cabe ao Titular, que assume todas as medidas t\u00e9cnicas, organizativas e de seguran\u00e7a que garantam a confidencialidade, integridade e qualidade da informa\u00e7\u00e3o neles contida de acordo com o disposto na regulamenta\u00e7\u00e3o de prote\u00e7\u00e3o de dados em vigor.<\/p>\n<p>No entanto, deve estar ciente de que as medidas de seguran\u00e7a dos sistemas inform\u00e1ticos <\/p>\n<p>na Internet n\u00e3o s\u00e3o totalmente fi\u00e1veis e que, portanto, o Propriet\u00e1rio n\u00e3o pode garantir a aus\u00eancia de v\u00edrus ou outros elementos que possam causar altera\u00e7\u00f5es nos sistemas inform\u00e1ticos do Utilizador (software e hardware) ou nos seus documentos eletr\u00f3nicos e ficheiros neles contidos, embora o Propriet\u00e1rio coloque todos os meios necess\u00e1rios e tome as medidas de seguran\u00e7a para evitar a presen\u00e7a destes elementos nocivos.<\/p>\n\t\t\t\t\t\t\t\t<\/div>\n\t\t\t\t<\/div>\n\t\t\t\t<div class=\"elementor-element elementor-element-8521a7c elementor-widget elementor-widget-heading\" data-id=\"8521a7c\" data-element_type=\"widget\" data-widget_type=\"heading.default\">\n\t\t\t\t<div class=\"elementor-widget-container\">\n\t\t\t\t\t<h2 class=\"elementor-heading-title elementor-size-default\">Tratamento de Dados Pessoais<\/h2>\t\t\t\t<\/div>\n\t\t\t\t<\/div>\n\t\t\t\t<div class=\"elementor-element elementor-element-fabcd60 text-justify elementor-widget elementor-widget-text-editor\" data-id=\"fabcd60\" data-element_type=\"widget\" data-widget_type=\"text-editor.default\">\n\t\t\t\t<div class=\"elementor-widget-container\">\n\t\t\t\t\t\t\t\t\t<p>Pode consultar toda a informa\u00e7\u00e3o relacionada com o tratamento dos dados pessoais recolhidos pelo Titular na p\u00e1gina da <a href=\"https:\/\/isidrofrebelo.com\/pt-pt\/politica-de-privacidade\/\">Pol\u00edtica de Privacidade.<\/a><\/p>\t\t\t\t\t\t\t\t<\/div>\n\t\t\t\t<\/div>\n\t\t\t\t<div class=\"elementor-element elementor-element-009b9aa elementor-widget elementor-widget-heading\" data-id=\"009b9aa\" data-element_type=\"widget\" data-widget_type=\"heading.default\">\n\t\t\t\t<div class=\"elementor-widget-container\">\n\t\t\t\t\t<h2 class=\"elementor-heading-title elementor-size-default\">\u00cdndice<\/h2>\t\t\t\t<\/div>\n\t\t\t\t<\/div>\n\t\t\t\t<div class=\"elementor-element elementor-element-fb7872d text-justify elementor-widget elementor-widget-text-editor\" data-id=\"fb7872d\" data-element_type=\"widget\" data-widget_type=\"text-editor.default\">\n\t\t\t\t<div class=\"elementor-widget-container\">\n\t\t\t\t\t\t\t\t\t<p>O Propriet\u00e1rio obteve as informa\u00e7\u00f5es, conte\u00fados multim\u00e9dia e materiais inclu\u00eddos no Website a partir de fontes que considera fi\u00e1veis, mas, embora tenha tomado todas as medidas razo\u00e1veis para garantir que as informa\u00e7\u00f5es contidas est\u00e3o corretas, o Propriet\u00e1rio n\u00e3o garante que sejam precisas, completas ou atualizadas. O Propriet\u00e1rio declina expressamente qualquer responsabilidade por erros ou omiss\u00f5es nas informa\u00e7\u00f5es contidas nas p\u00e1ginas do Website.<\/p>\n<p>\u00c9 proibido transmitir ou enviar atrav\u00e9s do Website qualquer conte\u00fado ilegal ou il\u00edcito, v\u00edrus inform\u00e1ticos, ou mensagens que, em geral, afetem ou violem os direitos do Propriet\u00e1rio ou de terceiros.<\/p>\n<p>Os conte\u00fados do Website s\u00e3o apenas para fins informativos e em nenhuma circunst\u00e2ncia devem ser utilizados ou considerados como uma oferta de venda, uma solicita\u00e7\u00e3o de uma oferta de compra ou uma recomenda\u00e7\u00e3o para realizar qualquer outra transa\u00e7\u00e3o, a menos que expressamente indicado.<\/p>\n<p>O Propriet\u00e1rio reserva-se o direito de modificar, suspender, cancelar ou restringir o conte\u00fado do Website, os links ou as informa\u00e7\u00f5es obtidas atrav\u00e9s do Website, sem aviso pr\u00e9vio.<\/p>\n<p>O Propriet\u00e1rio n\u00e3o \u00e9 respons\u00e1vel por quaisquer danos que possam surgir do uso das informa\u00e7\u00f5es no site.<\/p>\n\t\t\t\t\t\t\t\t<\/div>\n\t\t\t\t<\/div>\n\t\t\t\t<div class=\"elementor-element elementor-element-f000477 elementor-widget elementor-widget-heading\" data-id=\"f000477\" data-element_type=\"widget\" data-widget_type=\"heading.default\">\n\t\t\t\t<div class=\"elementor-widget-container\">\n\t\t\t\t\t<h2 class=\"elementor-heading-title elementor-size-default\">Pol\u00edtica de Cookies<\/h2>\t\t\t\t<\/div>\n\t\t\t\t<\/div>\n\t\t\t\t<div class=\"elementor-element elementor-element-f8bbe9b text-justify elementor-widget elementor-widget-text-editor\" data-id=\"f8bbe9b\" data-element_type=\"widget\" data-widget_type=\"text-editor.default\">\n\t\t\t\t<div class=\"elementor-widget-container\">\n\t\t\t\t\t\t\t\t\t<p>Pode consultar toda a informa\u00e7\u00e3o relativa \u00e0 pol\u00edtica de recolha e tratamento de cookies na p\u00e1gina <a href=\"https:\/\/isidrofrebelo.com\/pt-pt\/politica-de-cookies\/\" data-wpel-link=\"internal\">Pol\u00edtica de Cookies<\/a>.<\/p>\t\t\t\t\t\t\t\t<\/div>\n\t\t\t\t<\/div>\n\t\t\t\t<div class=\"elementor-element elementor-element-49443cf elementor-widget elementor-widget-heading\" data-id=\"49443cf\" data-element_type=\"widget\" data-widget_type=\"heading.default\">\n\t\t\t\t<div class=\"elementor-widget-container\">\n\t\t\t\t\t<h2 class=\"elementor-heading-title elementor-size-default\">Links para outros sites<\/h2>\t\t\t\t<\/div>\n\t\t\t\t<\/div>\n\t\t\t\t<div class=\"elementor-element elementor-element-b3cf470 text-justify elementor-widget elementor-widget-text-editor\" data-id=\"b3cf470\" data-element_type=\"widget\" data-widget_type=\"text-editor.default\">\n\t\t\t\t<div class=\"elementor-widget-container\">\n\t\t\t\t\t\t\t\t\t<p>O Propriet\u00e1rio pode fornecer-lhe acesso a sites de terceiros atrav\u00e9s de links com o \u00fanico prop\u00f3sito de inform\u00e1-lo sobre a exist\u00eancia de outras fontes de informa\u00e7\u00e3o na Internet nas quais voc\u00ea pode expandir os dados oferecidos no site.<\/p>\n<p>Estes links para outros sites n\u00e3o implicam de forma alguma uma sugest\u00e3o ou recomenda\u00e7\u00e3o para que visite os sites de destino, que est\u00e3o fora do controlo do Propriet\u00e1rio, pelo que o Propriet\u00e1rio n\u00e3o \u00e9 respons\u00e1vel pelo conte\u00fado dos sites ligados ou pelo resultado obtido ao seguir os links. Da mesma forma, o Propriet\u00e1rio n\u00e3o \u00e9 respons\u00e1vel pelos links localizados nos sites vinculados aos quais fornece acesso.<\/p>\n<p>O estabelecimento do link n\u00e3o implica, em caso algum, a exist\u00eancia de uma rela\u00e7\u00e3o entre o Propriet\u00e1rio e o propriet\u00e1rio do site no qual o link est\u00e1 estabelecido, nem a aceita\u00e7\u00e3o ou aprova\u00e7\u00e3o pelo Propriet\u00e1rio dos seus conte\u00fados ou servi\u00e7os.<\/p>\n<p>Se aceder a um site externo a partir de um link no site, dever\u00e1 ler a pol\u00edtica de privacidade do outro site, que pode ser diferente da deste site.<\/p>\n\t\t\t\t\t\t\t\t<\/div>\n\t\t\t\t<\/div>\n\t\t\t\t<div class=\"elementor-element elementor-element-7b4340b elementor-widget elementor-widget-heading\" data-id=\"7b4340b\" data-element_type=\"widget\" data-widget_type=\"heading.default\">\n\t\t\t\t<div class=\"elementor-widget-container\">\n\t\t\t\t\t<h2 class=\"elementor-heading-title elementor-size-default\">Propriedade intelectual e industrial<\/h2>\t\t\t\t<\/div>\n\t\t\t\t<\/div>\n\t\t\t\t<div class=\"elementor-element elementor-element-197faaa text-justify elementor-widget elementor-widget-text-editor\" data-id=\"197faaa\" data-element_type=\"widget\" data-widget_type=\"text-editor.default\">\n\t\t\t\t<div class=\"elementor-widget-container\">\n\t\t\t\t\t\t\t\t\t<p>Todos os direitos reservados.<\/p>\n<p>Qualquer acesso a este Website est\u00e1 sujeito \u00e0s seguintes condi\u00e7\u00f5es: a reprodu\u00e7\u00e3o, armazenamento permanente e divulga\u00e7\u00e3o dos conte\u00fados ou qualquer outra utiliza\u00e7\u00e3o para fins p\u00fablicos ou comerciais \u00e9 expressamente proibida sem o consentimento pr\u00e9vio e expresso por escrito do Propriet\u00e1rio.<\/p>\n\t\t\t\t\t\t\t\t<\/div>\n\t\t\t\t<\/div>\n\t\t\t\t<div class=\"elementor-element elementor-element-3ace2e3 elementor-widget elementor-widget-heading\" data-id=\"3ace2e3\" data-element_type=\"widget\" data-widget_type=\"heading.default\">\n\t\t\t\t<div class=\"elementor-widget-container\">\n\t\t\t\t\t<h2 class=\"elementor-heading-title elementor-size-default\">Limita\u00e7\u00e3o de Responsabilidade<\/h2>\t\t\t\t<\/div>\n\t\t\t\t<\/div>\n\t\t\t\t<div class=\"elementor-element elementor-element-a8eaccc text-justify elementor-widget elementor-widget-text-editor\" data-id=\"a8eaccc\" data-element_type=\"widget\" data-widget_type=\"text-editor.default\">\n\t\t\t\t<div class=\"elementor-widget-container\">\n\t\t\t\t\t\t\t\t\t<p>O Propriet\u00e1rio declina qualquer responsabilidade em caso de interrup\u00e7\u00f5es ou mau funcionamento dos Servi\u00e7os ou conte\u00fados oferecidos na Internet, seja qual for a causa. Da mesma forma, o Propriet\u00e1rio n\u00e3o \u00e9 respons\u00e1vel por falhas de rede, perdas comerciais como resultado de tais falhas, interrup\u00e7\u00f5es tempor\u00e1rias do fornecimento de eletricidade ou qualquer outro tipo de dano indireto que possa ser causado por causas fora do controle do Propriet\u00e1rio.<\/p>\n<p>Antes de tomar decis\u00f5es e\/ou a\u00e7\u00f5es com base nas informa\u00e7\u00f5es inclu\u00eddas no site, o Propriet\u00e1rio recomenda que voc\u00ea verifique e compare as informa\u00e7\u00f5es recebidas com outras fontes.<\/p>\n\t\t\t\t\t\t\t\t<\/div>\n\t\t\t\t<\/div>\n\t\t\t\t<div class=\"elementor-element elementor-element-5013d0c elementor-widget elementor-widget-heading\" data-id=\"5013d0c\" data-element_type=\"widget\" data-widget_type=\"heading.default\">\n\t\t\t\t<div class=\"elementor-widget-container\">\n\t\t\t\t\t<h2 class=\"elementor-heading-title elementor-size-default\">Compet\u00eancia jurisdicional<\/h2>\t\t\t\t<\/div>\n\t\t\t\t<\/div>\n\t\t\t\t<div class=\"elementor-element elementor-element-c6d9193 text-justify elementor-widget elementor-widget-text-editor\" data-id=\"c6d9193\" data-element_type=\"widget\" data-widget_type=\"text-editor.default\">\n\t\t\t\t<div class=\"elementor-widget-container\">\n\t\t\t\t\t\t\t\t\t<p>Este Aviso Legal rege-se inteiramente pela lei espanhola.  <\/p>\n\t\t\t\t\t\t\t\t<\/div>\n\t\t\t\t<\/div>\n\t\t\t\t<div class=\"elementor-element elementor-element-547cc24 elementor-widget elementor-widget-heading\" data-id=\"547cc24\" data-element_type=\"widget\" data-widget_type=\"heading.default\">\n\t\t\t\t<div class=\"elementor-widget-container\">\n\t\t\t\t\t<h2 class=\"elementor-heading-title elementor-size-default\">Contato<\/h2>\t\t\t\t<\/div>\n\t\t\t\t<\/div>\n\t\t\t\t<div class=\"elementor-element elementor-element-90018a0 text-justify elementor-widget elementor-widget-text-editor\" data-id=\"90018a0\" data-element_type=\"widget\" data-widget_type=\"text-editor.default\">\n\t\t\t\t<div class=\"elementor-widget-container\">\n\t\t\t\t\t\t\t\t\t<p>Se tiver alguma quest\u00e3o sobre este Aviso Legal ou quiser fazer quaisquer coment\u00e1rios sobre o Website, pode enviar um e-mail para o seguinte endere\u00e7o: ifr@isidrofrebelo.com\u00a0<\/p>\t\t\t\t\t\t\t\t<\/div>\n\t\t\t\t<\/div>\n\t\t\t\t\t<\/div>\n\t\t<\/div>\n\t\t\t\t\t<\/div>\n\t\t<\/section>\n\t\t\t\t<\/div>\n\t\t","protected":false},"excerpt":{"rendered":"<p>Advert\u00eancia jur\u00eddica Identifica\u00e7\u00e3o e Propriedade Em cumprimento do artigo 10.\u00ba da Lei n.\u00ba 34\/2002, de 11 de julho, relativa aos Servi\u00e7os da Sociedade da Informa\u00e7\u00e3o e ao Com\u00e9rcio Eletr\u00f3nico, o Titular divulga os seus dados de identifica\u00e7\u00e3o: Titular: Isidro Ferreira Rebelo. NIF: Y4888708A Domic\u00edlio: Alicante &#8211; Espanha. E-mail: ifr@isidrofrebelo.com\u00a0 S\u00edtio Internet: https:\/\/isidrofrebelo.com Termos de Utiliza\u00e7\u00e3o &#8230; <a title=\"Avisos Legais\" class=\"read-more\" href=\"https:\/\/isidrofrebelo.com\/pt-pt\/avisos-legais\/\" aria-label=\"Mais sobre Avisos Legais\">Ler mais<\/a><\/p>\n","protected":false},"author":1,"featured_media":0,"parent":0,"menu_order":0,"comment_status":"closed","ping_status":"closed","template":"","meta":{"footnotes":""},"class_list":["post-5371","page","type-page","status-publish"],"_links":{"self":[{"href":"https:\/\/isidrofrebelo.com\/pt-pt\/wp-json\/wp\/v2\/pages\/5371","targetHints":{"allow":["GET"]}}],"collection":[{"href":"https:\/\/isidrofrebelo.com\/pt-pt\/wp-json\/wp\/v2\/pages"}],"about":[{"href":"https:\/\/isidrofrebelo.com\/pt-pt\/wp-json\/wp\/v2\/types\/page"}],"author":[{"embeddable":true,"href":"https:\/\/isidrofrebelo.com\/pt-pt\/wp-json\/wp\/v2\/users\/1"}],"replies":[{"embeddable":true,"href":"https:\/\/isidrofrebelo.com\/pt-pt\/wp-json\/wp\/v2\/comments?post=5371"}],"version-history":[{"count":17,"href":"https:\/\/isidrofrebelo.com\/pt-pt\/wp-json\/wp\/v2\/pages\/5371\/revisions"}],"predecessor-version":[{"id":9187,"href":"https:\/\/isidrofrebelo.com\/pt-pt\/wp-json\/wp\/v2\/pages\/5371\/revisions\/9187"}],"wp:attachment":[{"href":"https:\/\/isidrofrebelo.com\/pt-pt\/wp-json\/wp\/v2\/media?parent=5371"}],"curies":[{"name":"wp","href":"https:\/\/api.w.org\/{rel}","templated":true}]}}