{"id":5414,"date":"2023-11-25T08:13:52","date_gmt":"2023-11-25T08:13:52","guid":{"rendered":"https:\/\/isidrofrebelo.com\/politica-de-cookies\/"},"modified":"2025-04-04T13:27:23","modified_gmt":"2025-04-04T13:27:23","slug":"politica-de-cookies","status":"publish","type":"page","link":"https:\/\/isidrofrebelo.com\/pt-pt\/politica-de-cookies\/","title":{"rendered":"Pol\u00edtica de Cookies"},"content":{"rendered":"\t\t<div data-elementor-type=\"wp-page\" data-elementor-id=\"5414\" class=\"elementor elementor-5414\" data-elementor-post-type=\"page\">\n\t\t\t\t\t\t<section class=\"elementor-section elementor-top-section elementor-element elementor-element-1e148b50 elementor-section-full_width elementor-section-height-min-height elementor-section-stretched elementor-section-height-default elementor-section-items-middle\" data-id=\"1e148b50\" data-element_type=\"section\" data-settings=\"{&quot;stretch_section&quot;:&quot;section-stretched&quot;,&quot;background_background&quot;:&quot;classic&quot;}\">\n\t\t\t\t\t\t\t<div class=\"elementor-background-overlay\"><\/div>\n\t\t\t\t\t\t\t<div class=\"elementor-container elementor-column-gap-no\">\n\t\t\t\t\t<div class=\"elementor-column elementor-col-100 elementor-top-column elementor-element elementor-element-5b342ddc\" data-id=\"5b342ddc\" data-element_type=\"column\">\n\t\t\t<div class=\"elementor-widget-wrap elementor-element-populated\">\n\t\t\t\t\t\t<div class=\"elementor-element elementor-element-87954d0 elementor-widget elementor-widget-heading\" data-id=\"87954d0\" data-element_type=\"widget\" data-widget_type=\"heading.default\">\n\t\t\t\t<div class=\"elementor-widget-container\">\n\t\t\t\t\t<h1 class=\"elementor-heading-title elementor-size-default\">  Pol\u00edtica de Cookies<\/h1>\t\t\t\t<\/div>\n\t\t\t\t<\/div>\n\t\t\t\t\t<\/div>\n\t\t<\/div>\n\t\t\t\t\t<\/div>\n\t\t<\/section>\n\t\t\t\t<section class=\"elementor-section elementor-top-section elementor-element elementor-element-45d5266 elementor-section-boxed elementor-section-height-default elementor-section-height-default\" data-id=\"45d5266\" data-element_type=\"section\">\n\t\t\t\t\t\t<div class=\"elementor-container elementor-column-gap-default\">\n\t\t\t\t\t<div class=\"elementor-column elementor-col-100 elementor-top-column elementor-element elementor-element-89b9a4a\" data-id=\"89b9a4a\" data-element_type=\"column\">\n\t\t\t<div class=\"elementor-widget-wrap elementor-element-populated\">\n\t\t\t\t\t\t<div class=\"elementor-element elementor-element-df918e4 elementor-widget elementor-widget-heading\" data-id=\"df918e4\" data-element_type=\"widget\" data-widget_type=\"heading.default\">\n\t\t\t\t<div class=\"elementor-widget-container\">\n\t\t\t\t\t<h2 class=\"elementor-heading-title elementor-size-default\">O que s\u00e3o cookies?<\/h2>\t\t\t\t<\/div>\n\t\t\t\t<\/div>\n\t\t\t\t<div class=\"elementor-element elementor-element-7e4c094 text-justify elementor-widget elementor-widget-text-editor\" data-id=\"7e4c094\" data-element_type=\"widget\" data-widget_type=\"text-editor.default\">\n\t\t\t\t<div class=\"elementor-widget-container\">\n\t\t\t\t\t\t\t\t\t<p>Em ingl\u00eas, o termo &#8220;cookie&#8221; significa cookie, mas no dom\u00ednio da navega\u00e7\u00e3o na web, um &#8220;cookie&#8221; \u00e9 algo totalmente diferente. Quando voc\u00ea acessa nosso site, uma pequena quantidade de texto \u00e9 armazenada no navegador do seu dispositivo e \u00e9 chamada de &#8220;cookie&#8221;. Este texto cont\u00e9m uma variedade de informa\u00e7\u00f5es sobre a sua navega\u00e7\u00e3o, h\u00e1bitos, prefer\u00eancias, personaliza\u00e7\u00f5es de conte\u00fado, etc.<\/p>\n<p>Existem outras tecnologias que funcionam de forma semelhante e tamb\u00e9m s\u00e3o utilizadas para recolher dados sobre a sua atividade de navega\u00e7\u00e3o. Vamos chamar todas essas tecnologias de &#8220;cookies&#8221; juntas.<\/p>\n<p>Nossos usos espec\u00edficos dessas tecnologias s\u00e3o descritos aqui.  <\/p>\n\t\t\t\t\t\t\t\t<\/div>\n\t\t\t\t<\/div>\n\t\t\t\t<div class=\"elementor-element elementor-element-70dcc9a elementor-widget elementor-widget-heading\" data-id=\"70dcc9a\" data-element_type=\"widget\" data-widget_type=\"heading.default\">\n\t\t\t\t<div class=\"elementor-widget-container\">\n\t\t\t\t\t<h2 class=\"elementor-heading-title elementor-size-default\">Para que servem os cookies neste website?<\/h2>\t\t\t\t<\/div>\n\t\t\t\t<\/div>\n\t\t\t\t<div class=\"elementor-element elementor-element-263cc55 text-justify elementor-widget elementor-widget-text-editor\" data-id=\"263cc55\" data-element_type=\"widget\" data-widget_type=\"text-editor.default\">\n\t\t\t\t<div class=\"elementor-widget-container\">\n\t\t\t\t\t\t\t\t\t<p>Os cookies s\u00e3o uma parte essencial do funcionamento do Website. O principal objetivo dos nossos cookies \u00e9 melhorar a sua experi\u00eancia de navega\u00e7\u00e3o. Por exemplo, para lembrar as suas prefer\u00eancias (idioma, pa\u00eds, etc.) durante a navega\u00e7\u00e3o e em visitas futuras. A informa\u00e7\u00e3o recolhida nos cookies tamb\u00e9m nos permite melhorar o website, adapt\u00e1-lo aos seus interesses enquanto utilizador, acelerar as pesquisas que faz, etc.<\/p>\n<p>Em certos casos, se tivermos obtido o seu consentimento pr\u00e9vio informado, poderemos utilizar cookies para outros usos, tais como obter informa\u00e7\u00f5es que nos permitam mostrar-lhe publicidade com base na an\u00e1lise dos seus h\u00e1bitos de navega\u00e7\u00e3o.  <\/p>\n\t\t\t\t\t\t\t\t<\/div>\n\t\t\t\t<\/div>\n\t\t\t\t<div class=\"elementor-element elementor-element-9e90325 elementor-widget elementor-widget-heading\" data-id=\"9e90325\" data-element_type=\"widget\" data-widget_type=\"heading.default\">\n\t\t\t\t<div class=\"elementor-widget-container\">\n\t\t\t\t\t<h2 class=\"elementor-heading-title elementor-size-default\">Porque \u00e9 que os cookies N\u00c3O s\u00e3o utilizados neste website?<\/h2>\t\t\t\t<\/div>\n\t\t\t\t<\/div>\n\t\t\t\t<div class=\"elementor-element elementor-element-7d69c3f text-justify elementor-widget elementor-widget-text-editor\" data-id=\"7d69c3f\" data-element_type=\"widget\" data-widget_type=\"text-editor.default\">\n\t\t\t\t<div class=\"elementor-widget-container\">\n\t\t\t\t\t\t\t\t\t<p>Os cookies que usamos n\u00e3o armazenam informa\u00e7\u00f5es confidenciais de identifica\u00e7\u00e3o pessoal, como seu nome, endere\u00e7o, senha, etc.  <\/p>\n\t\t\t\t\t\t\t\t<\/div>\n\t\t\t\t<\/div>\n\t\t\t\t<div class=\"elementor-element elementor-element-a1049f7 elementor-widget elementor-widget-heading\" data-id=\"a1049f7\" data-element_type=\"widget\" data-widget_type=\"heading.default\">\n\t\t\t\t<div class=\"elementor-widget-container\">\n\t\t\t\t\t<h2 class=\"elementor-heading-title elementor-size-default\">Quem utiliza as informa\u00e7\u00f5es armazenadas nos cookies?\n<\/h2>\t\t\t\t<\/div>\n\t\t\t\t<\/div>\n\t\t\t\t<div class=\"elementor-element elementor-element-1349932 text-justify elementor-widget elementor-widget-text-editor\" data-id=\"1349932\" data-element_type=\"widget\" data-widget_type=\"text-editor.default\">\n\t\t\t\t<div class=\"elementor-widget-container\">\n\t\t\t\t\t\t\t\t\t<p>A informa\u00e7\u00e3o armazenada nos cookies do nosso Website \u00e9 utilizada exclusivamente por n\u00f3s, com exce\u00e7\u00e3o daqueles abaixo identificados como &#8220;cookies de terceiros&#8221;, que s\u00e3o utilizados e geridos por entidades externas que nos prestam servi\u00e7os que melhoram a experi\u00eancia do utilizador. Por exemplo, as estat\u00edsticas que s\u00e3o recolhidas sobre o n\u00famero de visitas, o conte\u00fado que \u00e9 mais apreciado, etc&#8230;<\/p>\n\t\t\t\t\t\t\t\t<\/div>\n\t\t\t\t<\/div>\n\t\t\t\t<div class=\"elementor-element elementor-element-0fef15e elementor-widget elementor-widget-heading\" data-id=\"0fef15e\" data-element_type=\"widget\" data-widget_type=\"heading.default\">\n\t\t\t\t<div class=\"elementor-widget-container\">\n\t\t\t\t\t<h2 class=\"elementor-heading-title elementor-size-default\">Como pode impedir a utiliza\u00e7\u00e3o de cookies neste Website?\n<\/h2>\t\t\t\t<\/div>\n\t\t\t\t<\/div>\n\t\t\t\t<div class=\"elementor-element elementor-element-1410a7a text-justify elementor-widget elementor-widget-text-editor\" data-id=\"1410a7a\" data-element_type=\"widget\" data-widget_type=\"text-editor.default\">\n\t\t\t\t<div class=\"elementor-widget-container\">\n\t\t\t\t\t\t\t\t\t<p>Se preferir evitar o uso de cookies, pode REJEITAR a sua utiliza\u00e7\u00e3o ou pode CONFIGURAR os que pretende evitar e os que permite que sejam utilizados (neste documento damos-lhe informa\u00e7\u00e3o exaustiva sobre cada tipo de cookie, a sua finalidade, destinat\u00e1rio, temporalidade, etc&#8230;).<\/p>\n<p>Se os tiver aceite, n\u00e3o lhe pediremos novamente, a menos que elimine os cookies no seu dispositivo, conforme indicado na sec\u00e7\u00e3o abaixo. Se quiser revogar o seu consentimento, ter\u00e1 de eliminar os cookies e reconfigur\u00e1-los.  <\/p>\n\t\t\t\t\t\t\t\t<\/div>\n\t\t\t\t<\/div>\n\t\t\t\t<div class=\"elementor-element elementor-element-09d29c9 elementor-widget elementor-widget-heading\" data-id=\"09d29c9\" data-element_type=\"widget\" data-widget_type=\"heading.default\">\n\t\t\t\t<div class=\"elementor-widget-container\">\n\t\t\t\t\t<h2 class=\"elementor-heading-title elementor-size-default\">Como fa\u00e7o para desativar e excluir o uso de cookies?<\/h2>\t\t\t\t<\/div>\n\t\t\t\t<\/div>\n\t\t\t\t<div class=\"elementor-element elementor-element-02d61a8 text-justify elementor-widget elementor-widget-text-editor\" data-id=\"02d61a8\" data-element_type=\"widget\" data-widget_type=\"text-editor.default\">\n\t\t\t\t<div class=\"elementor-widget-container\">\n\t\t\t\t\t\t\t\t\t<p>O Propriet\u00e1rio exibe informa\u00e7\u00f5es sobre a sua Pol\u00edtica de Cookies no banner de cookies acess\u00edvel em todas as p\u00e1ginas do Website. O banner do cookie exibe informa\u00e7\u00f5es essenciais sobre o processamento de dados e permite que o Usu\u00e1rio execute as seguintes a\u00e7\u00f5es:<\/p><ul><li>ACEITAR ou REJEITAR a instala\u00e7\u00e3o de cookies, ou retirar o consentimento previamente concedido.<\/li><li>Informa\u00e7\u00f5es adicionais podem ser encontradas na p\u00e1gina <a href=\"https:\/\/isidrofrebelo.com\/pt-pt\/politica-de-cookies\/\" data-wpel-link=\"internal\">Pol\u00edtica de Cookies<\/a>.<\/li><\/ul><p>Para restringir, bloquear ou apagar os cookies deste Website (e os utilizados por terceiros) pode faz\u00ea-lo, a qualquer momento, modificando as defini\u00e7\u00f5es do seu navegador. Tenha em aten\u00e7\u00e3o que estas defini\u00e7\u00f5es s\u00e3o diferentes em cada navegador.<\/p><p>Nos links seguintes encontrar\u00e1 instru\u00e7\u00f5es sobre como ativar ou desativar cookies nos browsers mais comuns.<\/p><ul><li><a href=\"http:\/\/support.mozilla.org\/es\/kb\/habilitar-y-deshabilitar-cookies-que-los-sitios-we\" target=\"_blank\" rel=\"noopener noreferrer nofollow external\" data-wpel-link=\"external\">Firefox<\/a><\/li><li><a href=\"https:\/\/support.google.com\/chrome\/answer\/95647?hl=es\" target=\"_blank\" rel=\"noopener noreferrer nofollow external\" data-wpel-link=\"external\">Google Chrome<\/a><\/li><li><a href=\"https:\/\/support.microsoft.com\/es-es\/help\/17442\/windows-internet-explorer-delete-manage-cookies#ie=%22ie-10\" target=\"_blank\" rel=\"noopener noreferrer nofollow external\" data-wpel-link=\"external\">Explorador do Internet<\/a><\/li><li><a href=\"https:\/\/support.microsoft.com\/es-es\/help\/4468242\/microsoft-edge-browsing-data-and-privacy\" target=\"_blank\" rel=\"noopener noreferrer nofollow external\" data-wpel-link=\"external\">Borda da Microsoft<\/a><\/li><li><a href=\"http:\/\/support.apple.com\/kb\/HT1677?viewlocale=es_ES\" target=\"_blank\" rel=\"noopener noreferrer nofollow external\" data-wpel-link=\"external\">Saf\u00e1ri<\/a><\/li><\/ul>\t\t\t\t\t\t\t\t<\/div>\n\t\t\t\t<\/div>\n\t\t\t\t<div class=\"elementor-element elementor-element-aed4526 elementor-widget elementor-widget-heading\" data-id=\"aed4526\" data-element_type=\"widget\" data-widget_type=\"heading.default\">\n\t\t\t\t<div class=\"elementor-widget-container\">\n\t\t\t\t\t<h2 class=\"elementor-heading-title elementor-size-default\">Que tipos de cookies s\u00e3o utilizados neste website?<\/h2>\t\t\t\t<\/div>\n\t\t\t\t<\/div>\n\t\t\t\t<div class=\"elementor-element elementor-element-ac6b514 text-justify elementor-widget elementor-widget-text-editor\" data-id=\"ac6b514\" data-element_type=\"widget\" data-widget_type=\"text-editor.default\">\n\t\t\t\t<div class=\"elementor-widget-container\">\n\t\t\t\t\t\t\t\t\t<p>Cada website utiliza os seus pr\u00f3prios cookies. No nosso website utilizamos o seguinte:<\/p>\n<p><b>DE ACORDO COM A ENTIDADE QUE O GERE<\/b><\/p>\n<p><b>Cookies prim\u00e1rios:<\/b><\/p>\n<p>Estes s\u00e3o aqueles que s\u00e3o enviados para o equipamento terminal do Utilizador a partir de um computador ou dom\u00ednio gerido pelo pr\u00f3prio editor e a partir do qual o servi\u00e7o solicitado pelo Utilizador \u00e9 prestado.<\/p>\n<p><b>Cookies de terceiros:<\/b><\/p>\n<p>Estes s\u00e3o aqueles que s\u00e3o enviados para o equipamento terminal do Utilizador a partir de um computador ou dom\u00ednio que n\u00e3o \u00e9 gerido pelo editor, mas por outra entidade que processa os dados obtidos atrav\u00e9s de cookies.<\/p>\n<p>No caso de os cookies serem servidos a partir de um computador ou dom\u00ednio gerido pelo pr\u00f3prio editor, mas a informa\u00e7\u00e3o recolhida atrav\u00e9s deles ser gerida por terceiros, n\u00e3o podem ser considerados cookies prim\u00e1rios se o terceiro os utilizar para os seus pr\u00f3prios fins (por exemplo, a melhoria dos servi\u00e7os que presta ou a presta\u00e7\u00e3o de servi\u00e7os de publicidade a favor de outras entidades).<\/p>\n<p><b>DE ACORDO COM A SUA FINALIDADE<\/b><\/p>\n<p><b>Cookies t\u00e9cnicos:<\/b><\/p>\n<p>Estes s\u00e3o os necess\u00e1rios para a navega\u00e7\u00e3o e bom funcionamento do nosso Website, tais como, por exemplo, controlar o tr\u00e1fego e a comunica\u00e7\u00e3o de dados, identificar a sess\u00e3o, aceder a partes com acesso restrito, efetuar o pedido de registo ou participa\u00e7\u00e3o num evento, contabilizar as visitas para efeitos de fatura\u00e7\u00e3o de licen\u00e7as do software com o qual o servi\u00e7o do Website funciona,  usar elementos de seguran\u00e7a durante a navega\u00e7\u00e3o, armazenar conte\u00fado para a divulga\u00e7\u00e3o de v\u00eddeos ou som, ativar conte\u00fado din\u00e2mico (por exemplo, anima\u00e7\u00e3o de carregamento de um texto ou imagem).<\/p>\n<p><b>Cookies anal\u00edticos:<\/b><\/p>\n<p>Permitem quantificar o n\u00famero de utilizadores e, assim, efetuar a medi\u00e7\u00e3o e an\u00e1lise estat\u00edstica da utiliza\u00e7\u00e3o feita pelos utilizadores do Website.<\/p>\n<p><b>Cookies de prefer\u00eancia ou de personaliza\u00e7\u00e3o:<\/b><\/p>\n<p>S\u00e3o aqueles que permitem que informa\u00e7\u00f5es sejam lembradas para que o Usu\u00e1rio possa acessar o servi\u00e7o com certas caracter\u00edsticas que podem diferenciar sua experi\u00eancia da de outros usu\u00e1rios, como, por exemplo, o idioma, o n\u00famero de resultados a serem exibidos quando o Usu\u00e1rio realiza uma pesquisa, a apar\u00eancia ou conte\u00fado do servi\u00e7o dependendo do tipo de navegador atrav\u00e9s do qual o Usu\u00e1rio acessa o servi\u00e7o ou a regi\u00e3o a partir da qual o usu\u00e1rio acessa o servi\u00e7o,  Etc.<\/p>\n<p><b>DEPENDENDO DO PER\u00cdODO DE TEMPO EM QUE PERMANECEM ATIVOS<\/b><\/p>\n<p><b>Cookies de sess\u00e3o:<\/b><\/p>\n<p>Estes s\u00e3o aqueles projetados para coletar e armazenar dados enquanto o usu\u00e1rio acessa um site.<\/p>\n<p>Geralmente s\u00e3o usados para armazenar informa\u00e7\u00f5es que s\u00e3o apenas de interesse para manter para a presta\u00e7\u00e3o do servi\u00e7o solicitado pelo Usu\u00e1rio em uma \u00fanica ocasi\u00e3o (por exemplo, uma lista de produtos adquiridos) e desaparecem no final da sess\u00e3o.<\/p>\n<p><b>Cookies persistentes:<\/b><\/p>\n<p>Estes s\u00e3o aqueles em que os dados ainda s\u00e3o armazenados no terminal e podem ser acessados e processados por um per\u00edodo definido pela pessoa respons\u00e1vel pelo cookie, que pode variar de alguns minutos a v\u00e1rios anos. A este respeito, deve avaliar-se especificamente se a utiliza\u00e7\u00e3o de cookies persistentes \u00e9 necess\u00e1ria, uma vez que os riscos para a privacidade podem ser reduzidos atrav\u00e9s da utiliza\u00e7\u00e3o de cookies de sess\u00e3o. Em qualquer caso, quando s\u00e3o instalados cookies persistentes, recomenda-se reduzir a sua dura\u00e7\u00e3o ao m\u00ednimo necess\u00e1rio de acordo com a finalidade da sua utiliza\u00e7\u00e3o. Para o efeito, o parecer 4\/2012 do WP29 indicou que, para que um cookie esteja isento do dever de consentimento esclarecido, a sua caducidade deve estar relacionada com a sua finalidade. Devido a isso, os cookies de sess\u00e3o s\u00e3o muito mais propensos a serem considerados como exclu\u00eddos do que os cookies persistentes.<\/p>\n<p><b>Detalhes dos cookies utilizados neste website:<\/b><\/p>\n\t\t\t\t\t\t\t\t<\/div>\n\t\t\t\t<\/div>\n\t\t\t\t\t<\/div>\n\t\t<\/div>\n\t\t\t\t\t<\/div>\n\t\t<\/section>\n\t\t\t\t<\/div>\n\t\t","protected":false},"excerpt":{"rendered":"<p>Pol\u00edtica de Cookies O que s\u00e3o cookies? Em ingl\u00eas, o termo &#8220;cookie&#8221; significa cookie, mas no dom\u00ednio da navega\u00e7\u00e3o na web, um &#8220;cookie&#8221; \u00e9 algo totalmente diferente. Quando voc\u00ea acessa nosso site, uma pequena quantidade de texto \u00e9 armazenada no navegador do seu dispositivo e \u00e9 chamada de &#8220;cookie&#8221;. Este texto cont\u00e9m uma variedade de &#8230; <a title=\"Pol\u00edtica de Cookies\" class=\"read-more\" href=\"https:\/\/isidrofrebelo.com\/pt-pt\/politica-de-cookies\/\" aria-label=\"Mais sobre Pol\u00edtica de Cookies\">Ler mais<\/a><\/p>\n","protected":false},"author":1,"featured_media":0,"parent":0,"menu_order":0,"comment_status":"closed","ping_status":"closed","template":"","meta":{"footnotes":""},"class_list":["post-5414","page","type-page","status-publish"],"_links":{"self":[{"href":"https:\/\/isidrofrebelo.com\/pt-pt\/wp-json\/wp\/v2\/pages\/5414","targetHints":{"allow":["GET"]}}],"collection":[{"href":"https:\/\/isidrofrebelo.com\/pt-pt\/wp-json\/wp\/v2\/pages"}],"about":[{"href":"https:\/\/isidrofrebelo.com\/pt-pt\/wp-json\/wp\/v2\/types\/page"}],"author":[{"embeddable":true,"href":"https:\/\/isidrofrebelo.com\/pt-pt\/wp-json\/wp\/v2\/users\/1"}],"replies":[{"embeddable":true,"href":"https:\/\/isidrofrebelo.com\/pt-pt\/wp-json\/wp\/v2\/comments?post=5414"}],"version-history":[{"count":8,"href":"https:\/\/isidrofrebelo.com\/pt-pt\/wp-json\/wp\/v2\/pages\/5414\/revisions"}],"predecessor-version":[{"id":10598,"href":"https:\/\/isidrofrebelo.com\/pt-pt\/wp-json\/wp\/v2\/pages\/5414\/revisions\/10598"}],"wp:attachment":[{"href":"https:\/\/isidrofrebelo.com\/pt-pt\/wp-json\/wp\/v2\/media?parent=5414"}],"curies":[{"name":"wp","href":"https:\/\/api.w.org\/{rel}","templated":true}]}}