{"id":5429,"date":"2023-11-25T08:23:17","date_gmt":"2023-11-25T08:23:17","guid":{"rendered":"https:\/\/isidrofrebelo.com\/acessibilidade\/"},"modified":"2025-04-04T13:40:08","modified_gmt":"2025-04-04T13:40:08","slug":"acessibilidade","status":"publish","type":"page","link":"https:\/\/isidrofrebelo.com\/pt-pt\/acessibilidade\/","title":{"rendered":"Acessibilidade"},"content":{"rendered":"\t\t<div data-elementor-type=\"wp-page\" data-elementor-id=\"5429\" class=\"elementor elementor-5429\" data-elementor-post-type=\"page\">\n\t\t\t\t\t\t<section class=\"elementor-section elementor-top-section elementor-element elementor-element-3273ab6d elementor-section-full_width elementor-section-height-min-height elementor-section-stretched elementor-section-height-default elementor-section-items-middle\" data-id=\"3273ab6d\" data-element_type=\"section\" data-settings=\"{&quot;stretch_section&quot;:&quot;section-stretched&quot;,&quot;background_background&quot;:&quot;classic&quot;}\">\n\t\t\t\t\t\t\t<div class=\"elementor-background-overlay\"><\/div>\n\t\t\t\t\t\t\t<div class=\"elementor-container elementor-column-gap-no\">\n\t\t\t\t\t<div class=\"elementor-column elementor-col-100 elementor-top-column elementor-element elementor-element-4f166926\" data-id=\"4f166926\" data-element_type=\"column\">\n\t\t\t<div class=\"elementor-widget-wrap elementor-element-populated\">\n\t\t\t\t\t\t<div class=\"elementor-element elementor-element-2eb1ad9d elementor-widget elementor-widget-heading\" data-id=\"2eb1ad9d\" data-element_type=\"widget\" data-widget_type=\"heading.default\">\n\t\t\t\t<div class=\"elementor-widget-container\">\n\t\t\t\t\t<h2 class=\"elementor-heading-title elementor-size-default\">Acessibilidade<\/h2>\t\t\t\t<\/div>\n\t\t\t\t<\/div>\n\t\t\t\t\t<\/div>\n\t\t<\/div>\n\t\t\t\t\t<\/div>\n\t\t<\/section>\n\t\t\t\t<section class=\"elementor-section elementor-top-section elementor-element elementor-element-19f669f elementor-section-boxed elementor-section-height-default elementor-section-height-default\" data-id=\"19f669f\" data-element_type=\"section\">\n\t\t\t\t\t\t<div class=\"elementor-container elementor-column-gap-default\">\n\t\t\t\t\t<div class=\"elementor-column elementor-col-100 elementor-top-column elementor-element elementor-element-b5a8f00\" data-id=\"b5a8f00\" data-element_type=\"column\">\n\t\t\t<div class=\"elementor-widget-wrap elementor-element-populated\">\n\t\t\t\t\t\t<div class=\"elementor-element elementor-element-6564bf9 elementor-widget elementor-widget-heading\" data-id=\"6564bf9\" data-element_type=\"widget\" data-widget_type=\"heading.default\">\n\t\t\t\t<div class=\"elementor-widget-container\">\n\t\t\t\t\t<h2 class=\"elementor-heading-title elementor-size-default\">Declara\u00e7\u00e3o de Acessibilidade<\/h2>\t\t\t\t<\/div>\n\t\t\t\t<\/div>\n\t\t\t\t<div class=\"elementor-element elementor-element-eea39c7 text-justify elementor-widget elementor-widget-text-editor\" data-id=\"eea39c7\" data-element_type=\"widget\" data-widget_type=\"text-editor.default\">\n\t\t\t\t<div class=\"elementor-widget-container\">\n\t\t\t\t\t\t\t\t\t<p>Juan Carlos Mu\u00f1oz Ortega comprometeu-se a tornar o seu s\u00edtio Web acess\u00edvel de acordo com <a title=\"Real Decreto 1112\/2018, de 7 de setembro de 2018, sobre a acessibilidade de sites e aplica\u00e7\u00f5es para dispositivos m\u00f3veis no setor p\u00fablico. (Abre numa nova janela)\" href=\"http:\/\/www.boe.es\/diario_boe\/txt.php?id=BOE-A-2018-12699\" target=\"_blank\" rel=\"noopener nofollow external noreferrer\" data-wpel-link=\"external\">o Real Decreto 1112\/2018, de 7 de setembro de 2018, sobre a acessibilidade dos s\u00edtios Web e das aplica\u00e7\u00f5es para dispositivos m\u00f3veis no setor p\u00fablico.<img decoding=\"async\" class=\"ventana-nueva-next\" src=\"https:\/\/isidrofrebelo.com\/wp-content\/uploads\/2023\/08\/ventana-nueva.gif\" alt=\"(Abre numa nova janela)\"><\/a><\/p>\n<p>Esta declara\u00e7\u00e3o de acessibilidade aplica-se ao s\u00edtio Web<\/p>\n<p><a href=\"https:\/\/isidrofrebelo.com\/pt-pt\/\" target=\"_blank\" rel=\"nofollow external noopener noreferrer\" data-wpel-link=\"external\">https:\/\/isidrorebelo.com\/<\/a> <\/p>\n\t\t\t\t\t\t\t\t<\/div>\n\t\t\t\t<\/div>\n\t\t\t\t<div class=\"elementor-element elementor-element-c197142 elementor-widget elementor-widget-heading\" data-id=\"c197142\" data-element_type=\"widget\" data-widget_type=\"heading.default\">\n\t\t\t\t<div class=\"elementor-widget-container\">\n\t\t\t\t\t<h2 class=\"elementor-heading-title elementor-size-default\">Status de conformidade<\/h2>\t\t\t\t<\/div>\n\t\t\t\t<\/div>\n\t\t\t\t<div class=\"elementor-element elementor-element-de7aadf text-justify elementor-widget elementor-widget-text-editor\" data-id=\"de7aadf\" data-element_type=\"widget\" data-widget_type=\"text-editor.default\">\n\t\t\t\t<div class=\"elementor-widget-container\">\n\t\t\t\t\t\t\t\t\t<p>Este site est\u00e1 <strong class=\"strong\">parcialmente em <\/strong>conformidade com a RD 1112\/2018 devido \u00e0s exce\u00e7\u00f5es e n\u00e3o conformidade dos aspetos indicados abaixo.  <\/p>\n\t\t\t\t\t\t\t\t<\/div>\n\t\t\t\t<\/div>\n\t\t\t\t<div class=\"elementor-element elementor-element-9b96250 elementor-widget elementor-widget-heading\" data-id=\"9b96250\" data-element_type=\"widget\" data-widget_type=\"heading.default\">\n\t\t\t\t<div class=\"elementor-widget-container\">\n\t\t\t\t\t<h2 class=\"elementor-heading-title elementor-size-default\">Conte\u00fado n\u00e3o acess\u00edvel<\/h2>\t\t\t\t<\/div>\n\t\t\t\t<\/div>\n\t\t\t\t<div class=\"elementor-element elementor-element-4d91e61 text-justify elementor-widget elementor-widget-text-editor\" data-id=\"4d91e61\" data-element_type=\"widget\" data-widget_type=\"text-editor.default\">\n\t\t\t\t<div class=\"elementor-widget-container\">\n\t\t\t\t\t\t\t\t\t<p>O seguinte conte\u00fado n\u00e3o est\u00e1 acess\u00edvel devido ao seguinte:<\/p>\n<p><span class=\"negrita\">incumprimento do RD 1112\/2018<\/span><\/p>\n<ul>\n<li>H\u00e1 logotipos e imagens com texto alternativo incorreto ou confuso e imagens complexas sem descri\u00e7\u00e3o textual <span class=\"cursiva\">[requisito n\u00famero 9.1.1.1 Conte\u00fado n\u00e3o textual, da UNE-EN 301549:2022].<\/span><\/li>\n<li>  H\u00e1 listas criadas incorretamente (sem um r\u00f3tulo de lista), tabelas com c\u00e9lulas rotuladas incorretamente e r\u00f3tulos invis\u00edveis nos elementos<span class=\"cursiva\"> do formul\u00e1rio [n\u00famero de requisito 9.1.3.1 Informa\u00e7\u00f5es e rela\u00e7\u00f5es, da UNE-EN 301549:2022].<\/span><\/li>\n<li>H\u00e1 elementos que n\u00e3o s\u00e3o acess\u00edveis pelo teclado, como links para redes sociais, o editor de texto para coment\u00e1rios, elementos para classificar resultados de pesquisa, a pagina\u00e7\u00e3o de resultados de pesquisa ou setas <span class=\"cursiva\">de calend\u00e1rio [n\u00famero de requisito 9.2.1.1 Teclado, da UNE-EN 301549:2022].<\/span><\/li>\n<li>H\u00e1 elementos que n\u00e3o recebem foco e, portanto, n\u00e3o podem ser interagidos com o uso do teclado, por exemplo <span class=\"cursiva\">[requisito n\u00famero 9.2.4.3 Ordem de foco, da UNE-EN 301549:2022].<\/span><\/li>\n<li>H\u00e1 links em que a sua fun\u00e7\u00e3o n\u00e3o est\u00e1 corretamente identificada (t\u00eam uma descri\u00e7\u00e3o inadequada, um texto demasiado gen\u00e9rico, um t\u00edtulo inadequado&#8230;)<br \/><span class=\"cursiva\">[requisito n\u00famero 9.2.4.4 Finalidade das liga\u00e7\u00f5es, da UNE-EN 301549:2022].<\/span><\/li>\n<li>H\u00e1 t\u00edtulos com texto repetido e\/ou n\u00e3o descritivo <span class=\"cursiva\">[n\u00famero de requisito 9.2.4.6 T\u00edtulos e r\u00f3tulos, da UNE-EN 301549:2022].<\/span><\/li>\n<li>Em algumas p\u00e1ginas, o mesmo \u00edcone est\u00e1 sendo usado para fins diferentes, o que gera confus\u00e3o <span class=\"cursiva\">[requisito n\u00famero 9.3.2.4 Identifica\u00e7\u00e3o coerente, da UNE-EN 301549:2022].<\/span><\/li>\n<li>H\u00e1 p\u00e1ginas em que os produtos de suporte n\u00e3o poder\u00e3o obter informa\u00e7\u00f5es, interagir e estar cientes do status dos controles da interface do usu\u00e1rio, como mensagens de ajuda, mensagens de status do resultado da a\u00e7\u00e3o, atributos de link, imagem do idioma da p\u00e1gina, etc. que n\u00e3o podem ser lidos pelos leitores de tela no momento em que aparecem  <span class=\"cursiva\">[n\u00famero de requisito 9.4.1.2 Nome, fun\u00e7\u00e3o, valor da UNE-EN 301549:2022].<\/span><\/li>\n<li>Pode haver erros ocasionais de edi\u00e7\u00e3o em uma p\u00e1gina da web.<\/li>\n<\/ul>\n<ol>\n<li><span class=\"negrita\">Encargos desproporcionados<\/span>\n<ul>\n<li>N\u00e3o aplic\u00e1vel<\/li>\n<\/ul>\n<\/li>\n<\/ol>\n\t\t\t\t\t\t\t\t<\/div>\n\t\t\t\t<\/div>\n\t\t\t\t<div class=\"elementor-element elementor-element-376689c elementor-widget elementor-widget-heading\" data-id=\"376689c\" data-element_type=\"widget\" data-widget_type=\"heading.default\">\n\t\t\t\t<div class=\"elementor-widget-container\">\n\t\t\t\t\t<h2 class=\"elementor-heading-title elementor-size-default\">Prepara\u00e7\u00e3o da presente Declara\u00e7\u00e3o de Acessibilidade<\/h2>\t\t\t\t<\/div>\n\t\t\t\t<\/div>\n\t\t\t\t<div class=\"elementor-element elementor-element-c0ec077 text-justify elementor-widget elementor-widget-text-editor\" data-id=\"c0ec077\" data-element_type=\"widget\" data-widget_type=\"text-editor.default\">\n\t\t\t\t<div class=\"elementor-widget-container\">\n\t\t\t\t\t\t\t\t\t<article class=\"mod-detail\">\n<p>Esta declara\u00e7\u00e3o foi elaborada em 27 de janeiro de 2023.<\/p>\n<p>O m\u00e9todo utilizado para preparar a declara\u00e7\u00e3o foi uma autoavalia\u00e7\u00e3o realizada pela pr\u00f3pria ag\u00eancia.<\/p>\n<p>\u00daltima declara\u00e7\u00e3o revisada: 27 de janeiro de 2023.  <\/p>\n<\/article>\n<article class=\"mod-detail\"><\/article>\n\t\t\t\t\t\t\t\t<\/div>\n\t\t\t\t<\/div>\n\t\t\t\t<div class=\"elementor-element elementor-element-5aba915 elementor-widget elementor-widget-heading\" data-id=\"5aba915\" data-element_type=\"widget\" data-widget_type=\"heading.default\">\n\t\t\t\t<div class=\"elementor-widget-container\">\n\t\t\t\t\t<h2 class=\"elementor-heading-title elementor-size-default\">Coment\u00e1rios e contactos<\/h2>\t\t\t\t<\/div>\n\t\t\t\t<\/div>\n\t\t\t\t<div class=\"elementor-element elementor-element-90463c1 text-justify elementor-widget elementor-widget-text-editor\" data-id=\"90463c1\" data-element_type=\"widget\" data-widget_type=\"text-editor.default\">\n\t\t\t\t<div class=\"elementor-widget-container\">\n\t\t\t\t\t\t\t\t\t<div>\n<p>Voc\u00ea pode fazer <span class=\"negrita\">comunica\u00e7\u00f5es <\/span>sobre requisitos de acessibilidade (artigo 10.2.a) do RD 1112\/2018), tais como:<\/p>\n<\/div>\n<div>\n<ul>\n<li>comunicar qualquer poss\u00edvel <span class=\"negrita\">incumprimento<\/span> por parte deste s\u00edtio Web<\/li>\n<li>transmitir outras <span class=\"negrita\">dificuldades no acesso aos <\/span>conte\u00fados<\/li>\n<li>fazer quaisquer outras <span class=\"negrita\">perguntas ou sugest\u00f5es de melhoria <\/span>em rela\u00e7\u00e3o \u00e0 acessibilidade do site<\/li>\n<\/ul>\n<p>Atrav\u00e9s<a href=\"mailto:info@institutoempresariosexito.com\"> do seguinte e-mail<\/a><\/p>\n<\/div>\n<p>Pode apresentar:<\/p>\n<ul>\n<li>uma <span class=\"negrita\">Reclama\u00e7\u00e3o <\/span>relativa ao cumprimento dos requisitos do RD 1112\/2018 ou<\/li>\n<li>um <span class=\"negrita\">Pedido de Informa\u00e7\u00e3o acess\u00edvel <\/span>sobre:\n<ul>\n<li><span class=\"negrita\">conte\u00fado <\/span><span class=\"negrita\">exclu\u00eddo<\/span> do <span class=\"negrita\">\u00e2mbito de aplica\u00e7\u00e3o do RD <\/span>1112\/2018, conforme estabelecido pelo artigo 3.\u00ba, n.\u00ba 4<\/li>\n<li><span class=\"negrita\">Conte\u00fados <\/span><span class=\"negrita\">isentos <\/span>do <span class=\"negrita\">cumprimento <\/span>dos requisitos de acessibilidade, uma vez que imp\u00f5em encargos <span class=\"negrita\">desproporcionados<\/span>.<\/li>\n<\/ul>\n<\/li>\n<\/ul>\n<p>O Pedido de Informa\u00e7\u00e3o Acess\u00edvel deve especificar claramente os factos, os motivos e o pedido que permitem estabelecer que se trata de um pedido razo\u00e1vel e leg\u00edtimo.<\/p>\n\t\t\t\t\t\t\t\t<\/div>\n\t\t\t\t<\/div>\n\t\t\t\t<div class=\"elementor-element elementor-element-0804498 elementor-widget elementor-widget-heading\" data-id=\"0804498\" data-element_type=\"widget\" data-widget_type=\"heading.default\">\n\t\t\t\t<div class=\"elementor-widget-container\">\n\t\t\t\t\t<h2 class=\"elementor-heading-title elementor-size-default\">Procedimento de candidatura  <\/h2>\t\t\t\t<\/div>\n\t\t\t\t<\/div>\n\t\t\t\t<div class=\"elementor-element elementor-element-cbe3faa text-justify elementor-widget elementor-widget-text-editor\" data-id=\"cbe3faa\" data-element_type=\"widget\" data-widget_type=\"text-editor.default\">\n\t\t\t\t<div class=\"elementor-widget-container\">\n\t\t\t\t\t\t\t\t\t<p>Se, ap\u00f3s a apresenta\u00e7\u00e3o de um pedido de informa\u00e7\u00f5es acess\u00edveis ou de uma queixa, este tiver sido rejeitado, a decis\u00e3o tomada n\u00e3o for acordada ou a resposta n\u00e3o cumprir os requisitos do artigo 12.5, a pessoa em causa pode apresentar uma queixa. Pode tamb\u00e9m ser apresentada uma reclama\u00e7\u00e3o no caso de o prazo de vinte dias \u00fateis ter decorrido sem resposta.<\/p>\n<p>O pedido pode ser apresentado por <a href=\"mailto:info@institutoempresariosexito.com\">correio eletr\u00f3nico<\/a>, bem como nas restantes op\u00e7\u00f5es previstas na Lei n.\u00ba 39\/2015, de 1 de outubro, relativa ao Procedimento Administrativo Comum das Administra\u00e7\u00f5es P\u00fablicas.<\/p>\n<p>As queixas ser\u00e3o recebidas e tratadas por Juan Carlos Mu\u00f1oz Ortega.  <\/p>\n\t\t\t\t\t\t\t\t<\/div>\n\t\t\t\t<\/div>\n\t\t\t\t\t<\/div>\n\t\t<\/div>\n\t\t\t\t\t<\/div>\n\t\t<\/section>\n\t\t\t\t<\/div>\n\t\t","protected":false},"excerpt":{"rendered":"<p>Acessibilidade Declara\u00e7\u00e3o de Acessibilidade Juan Carlos Mu\u00f1oz Ortega comprometeu-se a tornar o seu s\u00edtio Web acess\u00edvel de acordo com o Real Decreto 1112\/2018, de 7 de setembro de 2018, sobre a acessibilidade dos s\u00edtios Web e das aplica\u00e7\u00f5es para dispositivos m\u00f3veis no setor p\u00fablico. Esta declara\u00e7\u00e3o de acessibilidade aplica-se ao s\u00edtio Web https:\/\/isidrorebelo.com\/ Status de &#8230; <a title=\"Acessibilidade\" class=\"read-more\" href=\"https:\/\/isidrofrebelo.com\/pt-pt\/acessibilidade\/\" aria-label=\"Mais sobre Acessibilidade\">Ler mais<\/a><\/p>\n","protected":false},"author":1,"featured_media":0,"parent":0,"menu_order":0,"comment_status":"closed","ping_status":"closed","template":"","meta":{"footnotes":""},"class_list":["post-5429","page","type-page","status-publish"],"_links":{"self":[{"href":"https:\/\/isidrofrebelo.com\/pt-pt\/wp-json\/wp\/v2\/pages\/5429","targetHints":{"allow":["GET"]}}],"collection":[{"href":"https:\/\/isidrofrebelo.com\/pt-pt\/wp-json\/wp\/v2\/pages"}],"about":[{"href":"https:\/\/isidrofrebelo.com\/pt-pt\/wp-json\/wp\/v2\/types\/page"}],"author":[{"embeddable":true,"href":"https:\/\/isidrofrebelo.com\/pt-pt\/wp-json\/wp\/v2\/users\/1"}],"replies":[{"embeddable":true,"href":"https:\/\/isidrofrebelo.com\/pt-pt\/wp-json\/wp\/v2\/comments?post=5429"}],"version-history":[{"count":4,"href":"https:\/\/isidrofrebelo.com\/pt-pt\/wp-json\/wp\/v2\/pages\/5429\/revisions"}],"predecessor-version":[{"id":10591,"href":"https:\/\/isidrofrebelo.com\/pt-pt\/wp-json\/wp\/v2\/pages\/5429\/revisions\/10591"}],"wp:attachment":[{"href":"https:\/\/isidrofrebelo.com\/pt-pt\/wp-json\/wp\/v2\/media?parent=5429"}],"curies":[{"name":"wp","href":"https:\/\/api.w.org\/{rel}","templated":true}]}}